{"id":1009,"date":"2023-07-10T09:22:49","date_gmt":"2023-07-10T07:22:49","guid":{"rendered":"https:\/\/rentaboatkoper.click.si\/?page_id=1009"},"modified":"2023-07-10T09:26:22","modified_gmt":"2023-07-10T07:26:22","slug":"nacin-placila","status":"publish","type":"page","link":"https:\/\/rentaboatkoper.com\/en\/nacin-placila\/","title":{"rendered":"Paying methods"},"content":{"rendered":"<div data-elementor-type=\"wp-page\" data-elementor-id=\"1009\" class=\"elementor elementor-1009\" data-elementor-post-type=\"page\">\n\t\t\t\t\t\t<section class=\"elementor-section elementor-top-section elementor-element elementor-element-35dd72a elementor-section-boxed elementor-section-height-default elementor-section-height-default\" data-id=\"35dd72a\" data-element_type=\"section\">\n\t\t\t\t\t\t<div class=\"elementor-container elementor-column-gap-default\">\n\t\t\t\t\t<div class=\"elementor-column elementor-col-100 elementor-top-column elementor-element elementor-element-5e50857\" data-id=\"5e50857\" data-element_type=\"column\">\n\t\t\t<div class=\"elementor-widget-wrap elementor-element-populated\">\n\t\t\t\t\t\t<div class=\"elementor-element elementor-element-b38feed elementor-widget elementor-widget-text-editor\" data-id=\"b38feed\" data-element_type=\"widget\" data-widget_type=\"text-editor.default\">\n\t\t\t\t<div class=\"elementor-widget-container\">\n\t\t\t\t\t\t\t\t\t<p>Pla\u010dilo je mo\u017eno na razli\u010dne na\u010dine:<\/p><ul><li>pla\u010dilo s storitvijo PayPal (klik na gumb z napisom \u00bbPayPal\u00ab, pojavi se okno, kamor je potrebno vpisati uporabni\u0161ko ime ter geslo PayPal ra\u010duna);<\/li><li>pla\u010dilo z neposredno bremenitvijo kreditne kartice (Visa, MasterCard, Maestro, AmericanExpress);<\/li><\/ul><p>\u00a0<\/p><p>Rezervacija s pla\u010dilnimi karticami na rezervacijski platformi Zadruge Mares z.o.o. je popolnoma varna. Zagotovljeni so ukrepi, ki so skladni z nacionalno in evropsko zakonodajo, ki ureja pla\u010dilne storitve. Ukrepi so namenjeni zmanj\u0161evanju prevar pri spletnih pla\u010dilih.<\/p>\t\t\t\t\t\t\t\t<\/div>\n\t\t\t\t<\/div>\n\t\t\t\t\t<\/div>\n\t\t<\/div>\n\t\t\t\t\t<\/div>\n\t\t<\/section>\n\t\t\t\t<\/div>","protected":false},"excerpt":{"rendered":"<p>Pla\u010dilo je mo\u017eno na razli\u010dne na\u010dine: pla\u010dilo s storitvijo PayPal (klik na gumb z napisom \u00bbPayPal\u00ab, pojavi se okno, kamor je potrebno vpisati uporabni\u0161ko ime ter geslo PayPal ra\u010duna); pla\u010dilo z neposredno bremenitvijo kreditne kartice (Visa, MasterCard, Maestro, AmericanExpress); \u00a0 Rezervacija s pla\u010dilnimi karticami na rezervacijski platformi Zadruge Mares z.o.o. je popolnoma varna. Zagotovljeni so [&hellip;]<\/p>","protected":false},"author":9,"featured_media":0,"parent":0,"menu_order":0,"comment_status":"closed","ping_status":"closed","template":"","meta":{"inline_featured_image":false,"_monsterinsights_skip_tracking":false,"_monsterinsights_sitenote_active":false,"_monsterinsights_sitenote_note":"","_monsterinsights_sitenote_category":0,"_uf_show_specific_survey":0,"_uf_disable_surveys":false,"footnotes":""},"class_list":["post-1009","page","type-page","status-publish","hentry"],"aioseo_notices":[],"_links":{"self":[{"href":"https:\/\/rentaboatkoper.com\/en\/wp-json\/wp\/v2\/pages\/1009","targetHints":{"allow":["GET"]}}],"collection":[{"href":"https:\/\/rentaboatkoper.com\/en\/wp-json\/wp\/v2\/pages"}],"about":[{"href":"https:\/\/rentaboatkoper.com\/en\/wp-json\/wp\/v2\/types\/page"}],"author":[{"embeddable":true,"href":"https:\/\/rentaboatkoper.com\/en\/wp-json\/wp\/v2\/users\/9"}],"replies":[{"embeddable":true,"href":"https:\/\/rentaboatkoper.com\/en\/wp-json\/wp\/v2\/comments?post=1009"}],"version-history":[{"count":4,"href":"https:\/\/rentaboatkoper.com\/en\/wp-json\/wp\/v2\/pages\/1009\/revisions"}],"predecessor-version":[{"id":1013,"href":"https:\/\/rentaboatkoper.com\/en\/wp-json\/wp\/v2\/pages\/1009\/revisions\/1013"}],"wp:attachment":[{"href":"https:\/\/rentaboatkoper.com\/en\/wp-json\/wp\/v2\/media?parent=1009"}],"curies":[{"name":"wp","href":"https:\/\/api.w.org\/{rel}","templated":true}]}}