{"id":1024,"date":"2023-07-10T09:35:11","date_gmt":"2023-07-10T07:35:11","guid":{"rendered":"https:\/\/rentaboatkoper.click.si\/?page_id=1024"},"modified":"2023-07-10T09:47:58","modified_gmt":"2023-07-10T07:47:58","slug":"splosni-najemni-pogoji","status":"publish","type":"page","link":"https:\/\/rentaboatkoper.com\/en\/splosni-najemni-pogoji\/","title":{"rendered":"General rental conditions"},"content":{"rendered":"<div data-elementor-type=\"wp-page\" data-elementor-id=\"1024\" class=\"elementor elementor-1024\" data-elementor-post-type=\"page\">\n\t\t\t\t\t\t<section class=\"elementor-section elementor-top-section elementor-element elementor-element-64e55da elementor-section-boxed elementor-section-height-default elementor-section-height-default\" data-id=\"64e55da\" data-element_type=\"section\">\n\t\t\t\t\t\t<div class=\"elementor-container elementor-column-gap-default\">\n\t\t\t\t\t<div class=\"elementor-column elementor-col-100 elementor-top-column elementor-element elementor-element-9f201d3\" data-id=\"9f201d3\" data-element_type=\"column\">\n\t\t\t<div class=\"elementor-widget-wrap elementor-element-populated\">\n\t\t\t\t\t\t<div class=\"elementor-element elementor-element-94e908c elementor-widget elementor-widget-text-editor\" data-id=\"94e908c\" data-element_type=\"widget\" data-widget_type=\"text-editor.default\">\n\t\t\t\t<div class=\"elementor-widget-container\">\n\t\t\t\t\t\t\t\t\t<p>Splo\u0161ni najemni pogoji za rezervacijsko platformo Rent a boat Koper (https:\/\/rentaboatkoper.com) urejajo poslovanje in pogodbeni odnos med rezervacijsko platformo Rent a boat Koper in obiskovalci rezervacijske platforme oz. najemniki. Sestavljeni so v skladu z Zakonom o varstvu potro\u0161nikov, Zakonom o elektronskih komunikacijah in Zakonom o varstvu osebnih podatkov. Rezervacijska platforma Rent a boat Koper (v nadaljevanju rezervacijska platforma) je v lasti in upravljanju Zadruge Mares z.o.o. (v nadaljevanju: \u00bbponudnik storitev\u00ab), \u017dupan\u010di\u010deva ulica 4, 6000 Koper, Slovenija, dav\u010dna \u0161tevilka: SI 42826195. Ve\u010d o podjetju in vizitko podjetja dobite na naslednji povezavi https:\/\/ rentaboatkoper.com\/kontakt.<\/p><p>\u00a0<\/p><p>Za vse rezervacije, najeme in preostale storitve, ki se naro\u010dijo prek rezervacijske platforme, veljajo izklju\u010dno predmetni Splo\u0161ni najemni pogoji za rezervacijsko platformo Rent a boat Koper (v nadaljevanju tudi \u00bbsplo\u0161ni pogoji\u00ab).<\/p><p>\u00a0<\/p><p>Splo\u0161ne pogoje za rezervacijsko platformo lahko kadarkoli izberete, natisnete in shranite kot PDF.\u00a0Nahajajo se na dnu spletnega mesta.<\/p><p>\u00a0<\/p><p><strong>Pomo\u010d uporabnikom \u2013 kontakti<\/strong><\/p><p>\u00a0<\/p><p>\u010ce potrebujete splo\u0161ne informacije o spletni rezervaciji, najemu ali preostalih storitvah ter o uporabi spletne strani, se lahko obrnete na na\u0161e osebje:<\/p><p>e-naslov: <a href=\"mailto:info@rentaboatkoper.com\">info@rentaboatkoper.com<\/a><\/p><p>\u00a0<\/p><p><strong>Cene<\/strong><\/p><p>\u00a0<\/p><p>Vse cene najema na rezervacijski platformi so navedene v evrih (EUR) in vklju\u010dujejo davek na dodano vrednost (DDV). Cene, prikazane na spletnem naslovu https:\/\/rentaboatkoper.com, se lahko spremenijo brez predhodnega obvestila. Cena, ki zavezuje najemnika, je cena, ki velja v trenutku oddaje naro\u010dila rezervacije.<\/p><p>\u00a0<\/p><p><strong>Prijava oz. registracija<\/strong><\/p><p>\u00a0<\/p><p>Plovila na rezervacijski platformi lahko rezervirate kot gost (brez uporabni\u0161kega ra\u010duna) ali kot registriran kupec (z uporabni\u0161kim ra\u010dunom), oboje v nadaljevanju kot \u00bbnajemnik\u00ab. Tako za registrirane kupce, kot tudi za goste rezervacijske platforme velja, da morajo za uspe\u0161no rezervacijo ozna\u010diti polje za strinjanje s splo\u0161nimi pogoji poslovanja, ter polje za strinjanje z obdelovanjem osebnih podatkov. Gre za obdelavo osebnih podatkov za namene izvajanja storitev v okviru rezervacijske platforme. Najemnik mora za opravo rezervacije na rezervacijski platformi vnesti: ime, priimek, naslov, mesto, po\u0161tna \u0161tevilka, dr\u017eava, elektronski naslov ter kontaktni telefon. Te podatki so potrebni za izvedbo naro\u010dila rezervacije.<\/p><p>\u00a0<\/p><p>Najemnik mora biti za rezervacijo star vsaj osemnajst let in biti ustrezno usposobljen za upravljanje s plovilom &#8211; opravljen izpit za voditelja \u010dolna.<\/p><p>\u00a0<\/p><p>Neregistrirani kupci, ne morejo izkori\u0161\u010dati prednosti, ki jih nudi registracija na spletni strani, kot so:<\/p><p>\u2013 enostaven ponovni najem brez ponovnega vnosa podatkov<\/p><p>\u2013 mo\u017enost vpogleda v arhiv rezervacij<\/p><p>\u2013 unov\u010denje darilnih bonov<\/p><p>\u2013 pla\u010dilo po ponudbi ter izdaja ra\u010duna na podjetje<\/p><p>\u2013 pla\u010dilo z odlogom<\/p><p>\u00a0<\/p><p>Za varno hranjenje uporabni\u0161kega imena in gesla je najemnik odgovoren sam. V primeru suma, da je ogro\u017eena varnost njegovega uporabni\u0161kega ra\u010duna, je najemnik dol\u017ean svoje geslo takoj spremeniti. Najemnik z vnosom svojih podatkov ob registraciji zagotavlja, da so vneseni podatki pravilni.<\/p><p>\u00a0<\/p><p><strong>P<\/strong><strong>ostopek rezervacije<\/strong><strong> oz. najema<\/strong><\/p><p><strong>\u00a0<\/strong><\/p><p>Na rezervacijski platformi lahko obiskovalec poi\u0161\u010de \u017eeleno plovilo na ve\u010d na\u010dinov. Plovilo lahko poi\u0161\u010de s pomo\u010djo navigacijskega menija. Kazalec mi\u0161ke postavi na \u017eeleno kategorijo v meniju in jo s klikom izbere. Obiskovalcu se nato odpre podstran s plovili izbrane kategorije. Mo\u017een je predogled \u2013 prikazana je slika plovila. Ob kliku na sliko plovila ali ime se obiskovalcu odpre podstran plovila, kjer najdemo:<\/p><p>\u2013 ime plovila<\/p><p>\u2013 slike plovila (klik na sliko jo pove\u010da)<\/p><p>\u2013 cena najema \u2013 lahko se razlikuje glede na izbrani model plovila,<\/p><p>\u2013 informacija o zasedenosti<\/p><p>\u2013 dodatne mo\u017enosti<\/p><p>\u2013 opis in splo\u0161ni podatki plovila<\/p><p>\u00a0<\/p><p>Na desni strani so okenca kjer se izbere \u017eelen datum rezervacije in lokacijo najema. Plovilo doda obiskovalec v ko\u0161arico s klikom na gumb \u00bbOddaj rezervacijo\/Najemi\u00ab na dnu rubrike. Ko obiskovalec doda izdelek v ko\u0161arico si lahko ob kliku na ikono ko\u0161arice (v desnem zgornjem kotu) ogleda predogled ko\u0161arice. Tam je najemniku omogo\u010deno urejanje ko\u0161arice. \u010ce \u017eeli obiskovalec odstraniti plovilo, pritisne na \u00bbx\u00ab. Na istem mestu se nahaja tudi povezava na zaklju\u010dek rezervacije \u2013 \u00bbOddaj rezervacijo\u00ab, kjer najemnik vnese svoje osebne podatke za rezervacijo. Manjkajo\u010de ali napa\u010dne vsebine se prika\u017eejo z rde\u010dim okvirjem in opozorilom za popravek. Na tem mestu se izbere tudi na\u010din pla\u010dila.<\/p><p>\u00a0<\/p><p>Pla\u010dilo je mo\u017eno na razli\u010dne na\u010dine:<\/p><ul><li>pla\u010dilo s storitvijo PayPal (klik na gumb z napisom \u00bbPayPal\u00ab, pojavi se okno, kamor je potrebno vpisati uporabni\u0161ko ime ter geslo PayPal ra\u010duna);<\/li><li>pla\u010dilo z neposredno bremenitvijo kreditne kartice (Visa, MasterCard, Maestro, AmericanExpress);<\/li><\/ul><p>\u00a0<\/p><p>Rezervacija s pla\u010dilnimi karticami na rezervacijski platformi Zadruge Mares z.o.o. je popolnoma varna. Zagotovljeni so ukrepi, ki so skladni z nacionalno in evropsko zakonodajo, ki ureja pla\u010dilne storitve. Ukrepi so namenjeni zmanj\u0161evanju prevar pri spletnih pla\u010dilih.<\/p><p>\u00a0<\/p><p>Najemnik lahko skozi celoten proces zaklju\u010dka naro\u010dila rezervacije vidi \u00bbpovzetek rezervacije\u00ab, kjer so navedena plovila v ko\u0161arici ter termin in lokacija rezervacije, skupna vrednost rezervacije.<\/p><p>\u00a0<\/p><p>Najemnik z gumbom \u00bbOddaj rezervacijo\u00ab zaklju\u010di svoje naro\u010dilo rezervacije. Ko kupec potrdi naro\u010dilo se prika\u017ee obvestilo o uspe\u0161nem zaklju\u010dku rezervacije, za tem pa dobi na e-po\u0161tni naslov podrobnosti o naro\u010dilu rezervacije oz. potrditev prejema naro\u010dila rezervacije.<\/p><p>\u00a0<\/p><p>Sledi pregled in priprava naro\u010dila rezervacije s strani Zadruge Mares z.o.o. Najemna pogodba med Zadrugo Mares z.o.o. in najemnikom je sklenjena, ko najemnik prejme elektronsko sporo\u010dilo z obvestilom \u00bbVa\u0161a rezervacija je potrjena\u00ab. Fizi\u010dno pogodbo najemnik podpi\u0161e pred prevzemom plovila. Sestavljena je v dveh izvodih, eno prejme najemodajalec plovila, drugo najemnik plovila. Najemnik plovila s podpisom potrjuje seznanjenost s pogoji najema, prevzema in predaje plovila ter strinjanje z vsemi njihovimi dolo\u010dbami.<\/p><p>\u00a0<\/p><p>Najemnika zavezujejo splo\u0161ni pogoji, ki so veljavni v trenutku oddaje spletnega naro\u010dila oziroma rezervacije. Kupec z oddajo naro\u010dila potrdi svojo seznanjenost s splo\u0161nimi pogoji.<\/p><p>\u00a0<\/p><p><strong>Koda za popust<\/strong><\/p><p>\u00a0<\/p><p>Kode za popust so \u010dasovno omejene in prina\u0161ajo razli\u010dne ugodnosti. Objavljene so na razli\u010dnih oglasnih sporo\u010dilih, v reklamnih elektronskih sporo\u010dilih, socialnih omre\u017ejih in drugih medijih.<\/p><p>\u00a0<\/p><p>Kode so lahko vezane na to\u010dno dolo\u010deno plovilo ali na celotno rezervacijo. Obra\u010dunani popusti se od\u0161tevajo od kon\u010dnega zneska nakupa.<\/p><p>Kode ni mo\u017eno zamenjati za gotovino.<\/p><p><strong>\u00a0<\/strong><\/p><p><strong>\u00a0<\/strong><\/p><p><strong>Pogoji najema, prevzema in predaje plovila <\/strong><\/p><p><strong>\u00a0<\/strong><\/p><ol><li><u>Obveznosti najemnika <\/u><\/li><\/ol><p><u>\u00a0<\/u><\/p><p>Najemnik se obvezuje, da bo z najetim plovilom in pripadajo\u010do opremo ravnal skrbno in\u00a0 vestno kot dober gospodar ter bo plovilo uporabljal le za osebne in dopustni\u0161ke namene.\u00a0 Najemnik ne sme posojati plovila tretjim osebam (podnajem) ali plovila uporabljati za\u00a0 kakr\u0161nekoli prevoze za pla\u010dilo.<\/p><p>Najemnina vklju\u010duje obi\u010dajno obrabo plovila in njegove pripadajo\u010de opreme, zavarovanje\u00a0 proti tretjim osebam, kasko zavarovanje ob lastni udele\u017ebi (var\u0161\u010dina). V ceno najema niso\u00a0 vklju\u010deni stro\u0161ki goriva, stro\u0161ki privezov v pristani\u0161\u010dih in\/ali marinah, stro\u0161ki \u010di\u0161\u010denja, stro\u0161ki\u00a0 odprave morebitne \u0161kode in po\u0161kodb na plovilu, ki niso posledica obi\u010dajne rabe plovila.<\/p><p>Najemnik je dol\u017ean dnevno pregledati vse naprave na plovilu, vsako morebitno napako pred\u00a0 nadaljnjo plovbo odpraviti in o tem obvestiti najemodajalca. Vsako po\u0161kodbo, nesre\u010do ali\u00a0 krajo mora najemnik nemudoma javiti najemodajalcu ali ustreznemu organu. Najemnik\u00a0 lahko na plovilu preva\u017ea samo toliko oseb, za kolikor je plovilo registrirano.<\/p><p>\u00a0<\/p><ol start=\"2\"><li><u>Plovna dovoljenja in ostala obvezna dokumentacija <\/u><\/li><\/ol><p><u>\u00a0<\/u><\/p><p>Najemnik izjavlja, da ima veljavno potrdilo o usposobljenosti za voditelja \u010dolna. Vsa plovila\u00a0 imajo plovno dovoljenje na obmo\u010dju Republike Slovenije in Hrva\u0161ke. Plovila se prevzemajo\u00a0 na dogovorjenem mestu ob dogovorjenem \u010dasu.\u00a0<\/p><p>Najemodajalec ima pravico preizkusiti prakti\u010dno in teoreti\u010dno znanje najemnika, v kolikor\u00a0 dvomi v njegove navti\u010dne sposobnosti. \u010ce ugotovi, da najemnik nima dovolj znanja,\u00a0 najemodajalec lahko odstopi od pogodbe in zadr\u017ei vpla\u010dano najemnino, in sicer 70 % od\u00a0 tedenske cene najema.<\/p><p>\u00a0<\/p><ol start=\"3\"><li><u>Jamstva <\/u><\/li><\/ol><p><u>\u00a0<\/u><\/p><p>Najemodajalec ne odgovarja za dejanja, ki jih v \u010dasu najema stori najemnik. Najemnik se\u00a0 zavezuje, da bo spo\u0161toval vse veljavne predpise ter je v primeru nespo\u0161tovanja sam kazensko\u00a0 in tudi finan\u010dno odgovoren za posledice. Nepoznavanje zakonov in predpisov najemnika ne\u00a0 odvezuje odgovornosti. Najemnik izrecno izvzema najemodajalca iz vseh prepirov, sporov,\u00a0 to\u017eb in drugih posledic, povezanih z najemom plovila.<\/p><p>V primeru zaplembe plovila s strani dr\u017eavnih organov je najemnik dol\u017ean povrniti\u00a0 najemodajalcu obvezno in pogodbeno od\u0161kodnino, v vi\u0161ini dvojne dnevne tarife za vsak dan\u00a0 imobilizacije. V primeru zaplembe plovila je najemnik dol\u017ean, v roku osmih (8) dni povrniti\u00a0 vrednost novega plovila, kot je ta dolo\u010dena na zavarovalni polici.<\/p><p>Najemnik je seznanjen, da je plovilo obvezno in kasko zavarovano le za obmo\u010dje Republike\u00a0 Slovenije in Hrva\u0161ke. Zavarovanje je dolo\u010deno s pogoji, ki jih opredeli zavarovalnica. Vse, v\u00a0 \u010dasu najema, nastale po\u0161kodbe in izgubljene stvari, tudi v primeru vi\u0161je sile, se zara\u010dunajo,\u00a0 od\u0161kodnina pa odtegne od var\u0161\u010dine.<\/p><p>Najemnik je seznanjen tudi, da zavarovanje ne krije izgube osebnih predmetov in da\u00a0 nadomestno plovilo ni predvideno.<\/p><ol start=\"4\"><li><u>Odstop <\/u><\/li><\/ol><p><u>\u00a0<\/u><\/p><p>\u010ce najemnik iz zdravstvenih ali drugih upravi\u010denih razlogov ne more za\u010deti z najemom po\u00a0 veljavno sklenjeni pogodbi, lahko odstopi od pogodbe, \u010de zagotovi drugega najemnika, ki\u00a0 prevzame vse obveznosti iz pogodbe. \u010ce pa najemnik ne najde nadomestnega najemnika, je dol\u017ean pla\u010dati najemnino, ne glede na to ali plovilo dejansko koristi ali ne.\u00a0<\/p><p>Najemodajalec lahko odda plovilo drugi stranki, \u010de najemnik v osmih (8) dneh od dneva\u00a0 zapadlosti ne poravna najemnine.<\/p><p>\u00a0<\/p><ol start=\"5\"><li><u>Primopredaja <\/u><\/li><\/ol><p>\u00a0<\/p><p>Najemodajalec preda plovilo najemniku ob dogovorjenem \u010dasu in na dogovorjenem kraju. Ob predaji plovila pogodbeni stranki sestavita in podpi\u0161eta primopredajni zapisnik, ki je priloga te pogodbe in v katerem je natan\u010dno opisano stanje plovila. Ob vra\u010dilu plovila se prav tako izpolni primopredajni zapisnik, s pomo\u010djo katerega pogodbeni stranki ugotovita, ali se je plovilo vrnilo v enakem stanju, kot je bilo ob predaji.<\/p><p>\u00a0<\/p><p>\u00a0Plovilo se preda najemniku s polnim rezervoarjem goriva, \u010disto in v brezhibnem voznem\u00a0 stanju.\u00a0<\/p><p>\u010ce najemodajalec iz objektivnih razlogov ne more plovila predati v roku, se najemnina\u00a0 sorazmerno zmanj\u0161a za vsak zamujeni dan. V kolikor predaja plovila ni mo\u017ena v roku 24 ur od\u00a0 dogovorjenega roka, ima najemnik pravico odstopiti od pogodbe. V tem primeru dobi\u00a0 povrnjeno najemnino, izklju\u010dena pa so vsa druga nadomestila (npr. za pot, preno\u010devanje \u2026).<\/p><p>\u00a0<\/p><p>\u010ce najemnik v roku 24 ur po pri\u010detku najema ne prevzame plovila ali ne javi (ustno ali pisno)\u00a0 svoje morebitne zakasnitve, ima najemodajalec pravico, da plovilo odda drugi osebi.<\/p><p>\u00a0<\/p><p>Najemnik mora pri prevzemu skrbno preveriti fizi\u010dno stanje plovila in njegove opreme. Vse\u00a0 pripombe in pomanjkljivosti morajo biti vnesene v primopredajni zapisnik. Vse, kar ob\u00a0 prevzemu ni bilo posebej zabele\u017eeno, velja kot brezhibno prevzeto. Najemnik razpolaga s\u00a0 plovilom od trenutka, ko pismeno potrdi, da sta motor in plovilo sposobna za plovbo in\u00a0 podpi\u0161e dokument, ki mu ga predlo\u017ei najemodajalec. Od tega trenutka dalje so vsi ugovori\u00a0 najemnika glede opreme in sposobnosti izklju\u010deni. \u010ce so bili med predhodnim najemom deli\u00a0 opreme po\u0161kodovani ali izgubljeni in ni mo\u017eno takoj\u0161nje nadomestilo, lahko najemnik\u00a0 odstopi od pogodbe ali uveljavlja zni\u017eanje najemnine le, \u010de je bilo plovilo omejeno v svoji\u00a0 plovni sposobnosti.<\/p><p>\u00a0<\/p><p>\u010ce nastopi po prevzemu plovila (med vo\u017enjo) okvara ali po\u0161kodba, ki delno ali v celoti\u00a0 onemogo\u010di nadaljnji najem, najemnik nima pravice do nikakr\u0161ne od\u0161kodnine. Ravno tako\u00a0 najemnik nima pravice do od\u0161kodnine, \u010de je okvara ali po\u0161kodba posledica vi\u0161je sile (veter,\u00a0 vreme, morje, strela \u2026) ali posledica krivde tretjih oseb. \u010ce je okvara ali po\u0161kodba posledica\u00a0 ob prevzemu nevidnih hib na trupu ali v\/na motorju, ima najemnik pravico do povrnitve\u00a0 sorazmernega dela najemnine za dneve, ko ni mogel uporabljati plovila. Vsi drugi\u00a0 od\u0161kodninski zahtevki (zlasti nadomestno plovilo, potni stro\u0161ki, preno\u010ditve, od\u0161kodnina za\u00a0 izgubljene dni in okrnjen dopust \u2026) so izklju\u010deni.\u00a0<\/p><p>\u00a0<\/p><p>Najemnik se obvezuje vrniti plovilo najemodajalcu ob dogovorjenem \u010dasu in na\u00a0 dogovorjenem kraju. \u010ce zamudi s predajo \u010dolna do 12 ur, pla\u010da od\u0161kodnino za vsako za\u010deto\u00a0 uro po roku vra\u010dila v vi\u0161ini 4 % od tedenske cene najema plovila in vse stro\u0161ke, ki nastanejo v\u00a0 zvezi z zamudo (prevoz in od\u0161kodnina naslednjim najemnikom \u2026).<\/p><p>\u00a0<\/p><p>Vremenske razmere ne opravi\u010dujejo zamude. Najemnik je dol\u017ean spremljati vremenske\u00a0 razmere in temu prilagoditi plovbo. Plovilo je vrnjeno, ko je vrnjena var\u0161\u010dina in narejen\u00a0 zapisnik o stanju plovila ob vrnitvi.<\/p><p>\u00a0<\/p><ol start=\"6\"><li><u>Var\u0161\u010dina <\/u><\/li><\/ol><p><u>\u00a0<\/u><\/p><p>Var\u0161\u010dina v vi\u0161ini 400,00 EUR se polo\u017ei v gotovini ob prevzemu plovila. Var\u0161\u010dina se v celoti\u00a0 vrne, \u010de ne pride do \u0161kode in od\u0161kodninske odgovornosti ter je plovilo vrnjeno \u010disto, v\u00a0 brezhibnem stanju, ob dogovorjenem \u010dasu, na dogovorjenem kraju in s polnim rezervoarjem\u00a0 goriva.<\/p><p>\u00a0<\/p><p>Za izgubljeno in po\u0161kodovano opremo plovila in\/ali delov opreme se zara\u010dunajo najemniku\u00a0 dejanski stro\u0161ki njene\/njihove namestitve oz. popravila, vklju\u010dno s transportnimi in\u00a0 organizacijskimi stro\u0161ki ter eventualni izpad plovila iz nadaljnje oddaje. Pri dolo\u010danju vi\u0161ine\u00a0 vrednosti opreme se najemodajalec ravna po aktualnem katalogu navti\u010dne opreme.\u00a0 Odrgnine, praske in druge manj\u0161e po\u0161kodbe se zara\u010dunavajo po kvadratnem centimetru\u00a0 po\u0161kodbe, za prazen rezervoar goriva se poleg cene goriva zara\u010duna \u0161e 10 % cene goriva za\u00a0 stro\u0161ke. Od\u0161kodnino se obra\u010duna ob vrnitvi plovila. V kolikor stro\u0161kov ni mogo\u010de takoj\u00a0 ugotoviti, se zadr\u017ei ustrezen del ali celotna kavcija, dokler ra\u010duni za popravilo ali nabavo niso\u00a0 poravnani. \u010ce gre za po\u0161kodbo ali izgubo, ki jo krije zavarovalnica, od\u0161tejemo od kavcije vse\u00a0 stro\u0161ke, ki jih zavarovalnica ne krije (odbitna fran\u0161iza, telefon, fax, telegram, potni stro\u0161ki,\u00a0 zapisniki, nadzorovanje, organizacija &#8230;).<\/p><p>\u00a0<\/p><p>V primeru da \u0161koda presega polo\u017eeno var\u0161\u010dino se najemnik zavezuje poravnati celotno \u0161kodo glede na dejanske stro\u0161ke popravila. Najemnik ima plovila zavarovana, vendar zna\u0161a odbitna fran\u0161iza 4 %. V primeru nastanka \u0161kode na plovilu, ki presega polo\u017eeno var\u0161\u010dino se najemodajalec glede na vi\u0161ino \u0161kode odlo\u010di, ali bo koristil kasko zavarovanje in v takem primeru najemnik krije vse stro\u0161ke nastale s tem, predvsem odbitno fran\u0161izo in morebitno izgubo bonusa najemodajalca pri zavarovalnici. V kolikor povzro\u010dena \u0161koda ne presega vi\u0161ine odbitne fran\u0161ize se najemodajalec lahko odlo\u010di za neposredno popravilo brez uveljavljanja pravic iz naslova kasko zavarovanja in v takem primeru najemnik krije celotne stro\u0161ke odprave \u0161kode.<\/p><p>\u00a0<\/p>\t\t\t\t\t\t\t\t<\/div>\n\t\t\t\t<\/div>\n\t\t\t\t\t<\/div>\n\t\t<\/div>\n\t\t\t\t\t<\/div>\n\t\t<\/section>\n\t\t\t\t<\/div>","protected":false},"excerpt":{"rendered":"<p>Splo\u0161ni najemni pogoji za rezervacijsko platformo Rent a boat Koper (https:\/\/rentaboatkoper.com) urejajo poslovanje in pogodbeni odnos med rezervacijsko platformo Rent a boat Koper in obiskovalci rezervacijske platforme oz. najemniki. Sestavljeni so v skladu z Zakonom o varstvu potro\u0161nikov, Zakonom o elektronskih komunikacijah in Zakonom o varstvu osebnih podatkov. Rezervacijska platforma Rent a boat Koper (v [&hellip;]<\/p>","protected":false},"author":9,"featured_media":0,"parent":0,"menu_order":0,"comment_status":"closed","ping_status":"closed","template":"","meta":{"inline_featured_image":false,"_monsterinsights_skip_tracking":false,"_monsterinsights_sitenote_active":false,"_monsterinsights_sitenote_note":"","_monsterinsights_sitenote_category":0,"_uf_show_specific_survey":0,"_uf_disable_surveys":false,"footnotes":""},"class_list":["post-1024","page","type-page","status-publish","hentry"],"aioseo_notices":[],"_links":{"self":[{"href":"https:\/\/rentaboatkoper.com\/en\/wp-json\/wp\/v2\/pages\/1024","targetHints":{"allow":["GET"]}}],"collection":[{"href":"https:\/\/rentaboatkoper.com\/en\/wp-json\/wp\/v2\/pages"}],"about":[{"href":"https:\/\/rentaboatkoper.com\/en\/wp-json\/wp\/v2\/types\/page"}],"author":[{"embeddable":true,"href":"https:\/\/rentaboatkoper.com\/en\/wp-json\/wp\/v2\/users\/9"}],"replies":[{"embeddable":true,"href":"https:\/\/rentaboatkoper.com\/en\/wp-json\/wp\/v2\/comments?post=1024"}],"version-history":[{"count":4,"href":"https:\/\/rentaboatkoper.com\/en\/wp-json\/wp\/v2\/pages\/1024\/revisions"}],"predecessor-version":[{"id":1028,"href":"https:\/\/rentaboatkoper.com\/en\/wp-json\/wp\/v2\/pages\/1024\/revisions\/1028"}],"wp:attachment":[{"href":"https:\/\/rentaboatkoper.com\/en\/wp-json\/wp\/v2\/media?parent=1024"}],"curies":[{"name":"wp","href":"https:\/\/api.w.org\/{rel}","templated":true}]}}