{"id":47,"date":"2023-06-23T09:13:30","date_gmt":"2023-06-23T07:13:30","guid":{"rendered":"https:\/\/rentaboatkoper.click.si\/?page_id=47"},"modified":"2024-03-22T14:57:10","modified_gmt":"2024-03-22T13:57:10","slug":"pogosta-vprasanja","status":"publish","type":"page","link":"https:\/\/rentaboatkoper.com\/en\/pogosta-vprasanja\/","title":{"rendered":"FAQ"},"content":{"rendered":"<div data-elementor-type=\"wp-page\" data-elementor-id=\"47\" class=\"elementor elementor-47\" data-elementor-post-type=\"page\">\n\t\t\t\t\t\t<section class=\"elementor-section elementor-top-section elementor-element elementor-element-7e5278d elementor-section-boxed elementor-section-height-default elementor-section-height-default\" data-id=\"7e5278d\" data-element_type=\"section\">\n\t\t\t\t\t\t<div class=\"elementor-container elementor-column-gap-default\">\n\t\t\t\t\t<div class=\"elementor-column elementor-col-100 elementor-top-column elementor-element elementor-element-7f0c22f\" data-id=\"7f0c22f\" data-element_type=\"column\">\n\t\t\t<div class=\"elementor-widget-wrap elementor-element-populated\">\n\t\t\t\t\t\t<div class=\"elementor-element elementor-element-ca8fbba elementor-widget elementor-widget-heading\" data-id=\"ca8fbba\" data-element_type=\"widget\" data-widget_type=\"heading.default\">\n\t\t\t\t<div class=\"elementor-widget-container\">\n\t\t\t\t\t<h1 class=\"elementor-heading-title elementor-size-default\">FAQ<\/h1>\t\t\t\t<\/div>\n\t\t\t\t<\/div>\n\t\t\t\t<div class=\"elementor-element elementor-element-7923b98 elementor-widget__width-auto elementor-fixed e-transform e-transform sticky elementor-widget elementor-widget-image\" data-id=\"7923b98\" data-element_type=\"widget\" data-settings=\"{&quot;_position&quot;:&quot;fixed&quot;,&quot;_transform_translateX_effect&quot;:{&quot;unit&quot;:&quot;%&quot;,&quot;size&quot;:73,&quot;sizes&quot;:[]},&quot;_transform_translateX_effect_tablet&quot;:{&quot;unit&quot;:&quot;%&quot;,&quot;size&quot;:&quot;&quot;,&quot;sizes&quot;:[]},&quot;_transform_translateX_effect_mobile&quot;:{&quot;unit&quot;:&quot;%&quot;,&quot;size&quot;:&quot;&quot;,&quot;sizes&quot;:[]},&quot;_transform_translateX_effect_hover&quot;:{&quot;unit&quot;:&quot;%&quot;,&quot;size&quot;:0,&quot;sizes&quot;:[]},&quot;_transform_translateX_effect_hover_tablet&quot;:{&quot;unit&quot;:&quot;%&quot;,&quot;size&quot;:&quot;&quot;,&quot;sizes&quot;:[]},&quot;_transform_translateX_effect_hover_mobile&quot;:{&quot;unit&quot;:&quot;%&quot;,&quot;size&quot;:&quot;&quot;,&quot;sizes&quot;:[]},&quot;_transform_translateY_effect&quot;:{&quot;unit&quot;:&quot;px&quot;,&quot;size&quot;:&quot;&quot;,&quot;sizes&quot;:[]},&quot;_transform_translateY_effect_tablet&quot;:{&quot;unit&quot;:&quot;px&quot;,&quot;size&quot;:&quot;&quot;,&quot;sizes&quot;:[]},&quot;_transform_translateY_effect_mobile&quot;:{&quot;unit&quot;:&quot;px&quot;,&quot;size&quot;:&quot;&quot;,&quot;sizes&quot;:[]},&quot;_transform_translateY_effect_hover&quot;:{&quot;unit&quot;:&quot;px&quot;,&quot;size&quot;:&quot;&quot;,&quot;sizes&quot;:[]},&quot;_transform_translateY_effect_hover_tablet&quot;:{&quot;unit&quot;:&quot;px&quot;,&quot;size&quot;:&quot;&quot;,&quot;sizes&quot;:[]},&quot;_transform_translateY_effect_hover_mobile&quot;:{&quot;unit&quot;:&quot;px&quot;,&quot;size&quot;:&quot;&quot;,&quot;sizes&quot;:[]}}\" data-widget_type=\"image.default\">\n\t\t\t\t<div class=\"elementor-widget-container\">\n\t\t\t\t\t\t\t\t\t\t\t\t\t\t\t\t<a href=\"https:\/\/folpo.eu\" target=\"_blank\">\n\t\t\t\t\t\t\t<img decoding=\"async\" width=\"248\" height=\"74\" src=\"https:\/\/rentaboatkoper.com\/wp-content\/uploads\/2023\/07\/sticky-folpo-NOV-01.svg\" class=\"attachment-full size-full wp-image-1552\" alt=\"\" \/>\t\t\t\t\t\t\t\t<\/a>\n\t\t\t\t\t\t\t\t\t\t\t\t\t\t\t<\/div>\n\t\t\t\t<\/div>\n\t\t\t\t<div class=\"elementor-element elementor-element-2969234 elementor-widget elementor-widget-spacer\" data-id=\"2969234\" data-element_type=\"widget\" data-widget_type=\"spacer.default\">\n\t\t\t\t<div class=\"elementor-widget-container\">\n\t\t\t\t\t\t\t<div class=\"elementor-spacer\">\n\t\t\t<div class=\"elementor-spacer-inner\"><\/div>\n\t\t<\/div>\n\t\t\t\t\t\t<\/div>\n\t\t\t\t<\/div>\n\t\t\t\t<div class=\"elementor-element elementor-element-5bc54bc elementor-widget elementor-widget-eael-adv-accordion\" data-id=\"5bc54bc\" data-element_type=\"widget\" data-widget_type=\"eael-adv-accordion.default\">\n\t\t\t\t<div class=\"elementor-widget-container\">\n\t\t\t\t\t        <div class=\"eael-adv-accordion\" id=\"eael-adv-accordion-5bc54bc\" data-scroll-on-click=\"no\" data-scroll-speed=\"300\" data-accordion-id=\"5bc54bc\" data-accordion-type=\"accordion\" data-toogle-speed=\"300\">\n    <div class=\"eael-accordion-list\">\n                <div id=\"kako-lahko-rezerviram-plovilo\" class=\"elementor-tab-title eael-accordion-header active-default\" tabindex=\"0\" data-tab=\"1\" aria-controls=\"elementor-tab-content-9621\"><span class=\"eael-accordion-tab-title\">How can I book a boat?<\/span><i aria-hidden=\"true\" class=\"fa-toggle fas fa-chevron-down\"><\/i><\/div><div id=\"elementor-tab-content-9621\" class=\"eael-accordion-content clearfix active-default\" data-tab=\"1\" aria-labelledby=\"kako-lahko-rezerviram-plovilo\">You can book a boat and other items in different ways:\n<ul>\n \t<li>you can choose preferred item on our webpage and complete a booking form,<\/li>\n \t<li>by phone: <a style=\"color:black\" href=\"tel:+386 51 735 222\">+386 51 735 222<\/a>,<\/li>\n \t<li>at the location.<\/li>\n<\/ul><\/div>\n                <\/div><div class=\"eael-accordion-list\">\n                <div id=\"v-zimski-sezoni-elim-oddati-povpraevanje-za-najem-za-poletno-sezono-katera-cena-velja\" class=\"elementor-tab-title eael-accordion-header\" tabindex=\"0\" data-tab=\"2\" aria-controls=\"elementor-tab-content-9622\"><span class=\"eael-accordion-tab-title\">In the winter season, I want to submit an inquiry for the summer season rental. Which price applies?<\/span><i aria-hidden=\"true\" class=\"fa-toggle fas fa-chevron-down\"><\/i><\/div><div id=\"elementor-tab-content-9622\" class=\"eael-accordion-content clearfix\" data-tab=\"2\" aria-labelledby=\"v-zimski-sezoni-elim-oddati-povpraevanje-za-najem-za-poletno-sezono-katera-cena-velja\"><p>In your case, the price of the summer season applies. The prices of the season in which you will have the vessel or vehicle.<\/p><\/div>\n                <\/div><div class=\"eael-accordion-list\">\n                <div id=\"ali-lahko-najamem-plovilo-brez-izpita\" class=\"elementor-tab-title eael-accordion-header\" tabindex=\"0\" data-tab=\"3\" aria-controls=\"elementor-tab-content-9623\"><span class=\"eael-accordion-tab-title\">Can I rent a boat even if I don't have a boat license?<\/span><i aria-hidden=\"true\" class=\"fa-toggle fas fa-chevron-down\"><\/i><\/div><div id=\"elementor-tab-content-9623\" class=\"eael-accordion-content clearfix\" data-tab=\"3\" aria-labelledby=\"ali-lahko-najamem-plovilo-brez-izpita\"><p>No, boat license is required if you want to rent one.<\/p><\/div>\n                <\/div><div class=\"eael-accordion-list\">\n                <div id=\"moram-za-najem-plovila-plaati-varino\" class=\"elementor-tab-title eael-accordion-header\" tabindex=\"0\" data-tab=\"4\" aria-controls=\"elementor-tab-content-9624\"><span class=\"eael-accordion-tab-title\">Do I have to pay a deposit?<\/span><i aria-hidden=\"true\" class=\"fa-toggle fas fa-chevron-down\"><\/i><\/div><div id=\"elementor-tab-content-9624\" class=\"eael-accordion-content clearfix\" data-tab=\"4\" aria-labelledby=\"moram-za-najem-plovila-plaati-varino\"><p>Yes, you have to pay a deposit of 400 \u20ac for up to 1 day or 1600 \u20ac for up to 7 days.<\/p><\/div>\n                <\/div><div class=\"eael-accordion-list\">\n                <div id=\"kako-vem-da-je-moja-rezervacija-potrjena\" class=\"elementor-tab-title eael-accordion-header\" tabindex=\"0\" data-tab=\"5\" aria-controls=\"elementor-tab-content-9625\"><span class=\"eael-accordion-tab-title\">How do I know if my reservation is confirmed?<\/span><i aria-hidden=\"true\" class=\"fa-toggle fas fa-chevron-down\"><\/i><\/div><div id=\"elementor-tab-content-9625\" class=\"eael-accordion-content clearfix\" data-tab=\"5\" aria-labelledby=\"kako-vem-da-je-moja-rezervacija-potrjena\"><p>After completed reservation you will receive a confirmation email from us.<\/p><\/div>\n                <\/div><div class=\"eael-accordion-list\">\n                <div id=\"deuje-ali-lahko-prekliem-rezervacijo-in-dobim-povrnjene-stroke\" class=\"elementor-tab-title eael-accordion-header\" tabindex=\"0\" data-tab=\"6\" aria-controls=\"elementor-tab-content-9626\"><span class=\"eael-accordion-tab-title\">It's raining. Can I cancel my reservation and get refunded in this case?<\/span><i aria-hidden=\"true\" class=\"fa-toggle fas fa-chevron-down\"><\/i><\/div><div id=\"elementor-tab-content-9626\" class=\"eael-accordion-content clearfix\" data-tab=\"6\" aria-labelledby=\"deuje-ali-lahko-prekliem-rezervacijo-in-dobim-povrnjene-stroke\"><p>The tenant is obliged to monitor the weather conditions, so in such cases we do not refund the amount of the payment. We can agree to change the rental date.<\/p><\/div>\n                <\/div><div class=\"eael-accordion-list\">\n                <div id=\"ali-lahko-plaam-en-del-cene-ob-oddaji-najema-drugi-del-pa-kasneje\" class=\"elementor-tab-title eael-accordion-header\" tabindex=\"0\" data-tab=\"7\" aria-controls=\"elementor-tab-content-9627\"><span class=\"eael-accordion-tab-title\">Can I pay one part of the price at the time of rental and the other part later?<\/span><i aria-hidden=\"true\" class=\"fa-toggle fas fa-chevron-down\"><\/i><\/div><div id=\"elementor-tab-content-9627\" class=\"eael-accordion-content clearfix\" data-tab=\"7\" aria-labelledby=\"ali-lahko-plaam-en-del-cene-ob-oddaji-najema-drugi-del-pa-kasneje\"><p>Yes, we also allow you to pay a 30% advance upon submitting your rental request and pay the rest on the day of the rental. With this method, in case of cancellation, you only lose the deposit.<\/p><\/div>\n                <\/div><div class=\"eael-accordion-list\">\n                <div id=\"ali-je-tank-vkljuen-v-ceno\" class=\"elementor-tab-title eael-accordion-header\" tabindex=\"0\" data-tab=\"8\" aria-controls=\"elementor-tab-content-9628\"><span class=\"eael-accordion-tab-title\">Is the tank included in the price?<\/span><i aria-hidden=\"true\" class=\"fa-toggle fas fa-chevron-down\"><\/i><\/div><div id=\"elementor-tab-content-9628\" class=\"eael-accordion-content clearfix\" data-tab=\"8\" aria-labelledby=\"ali-je-tank-vkljuen-v-ceno\"><p>Fuel costs are not included in the rental price. You rent the barge with a full tank, and fill up the used fuel at the end of the rental at the gas station. You pay for fuel directly at the gas station.<\/p><\/div>\n                <\/div><div class=\"eael-accordion-list\">\n                <div id=\"je-na-voljo-parkirno-mesto-za-moj-avto\" class=\"elementor-tab-title eael-accordion-header\" tabindex=\"0\" data-tab=\"9\" aria-controls=\"elementor-tab-content-9629\"><span class=\"eael-accordion-tab-title\">Is there a parking space for my car?<\/span><i aria-hidden=\"true\" class=\"fa-toggle fas fa-chevron-down\"><\/i><\/div><div id=\"elementor-tab-content-9629\" class=\"eael-accordion-content clearfix\" data-tab=\"9\" aria-labelledby=\"je-na-voljo-parkirno-mesto-za-moj-avto\"><p>The nearest parking lots are in Koper at the market (Semedelska cesta, 6000 Koper) and in Izola at the marina (Dantejeva ulica 22, 6310 Izola). Parking lots are self-paying.<\/p><\/div>\n                <\/div><div class=\"eael-accordion-list\">\n                <div id=\"kje-se-nahajajo-plovila\" class=\"elementor-tab-title eael-accordion-header\" tabindex=\"0\" data-tab=\"10\" aria-controls=\"elementor-tab-content-96210\"><span class=\"eael-accordion-tab-title\">Where are the vessels located?<\/span><i aria-hidden=\"true\" class=\"fa-toggle fas fa-chevron-down\"><\/i><\/div><div id=\"elementor-tab-content-96210\" class=\"eael-accordion-content clearfix\" data-tab=\"10\" aria-labelledby=\"kje-se-nahajajo-plovila\"><p>Plovila se nahajajo v Kopru ali v Izoli. Odvisno od predhodnega dogovora. Mo\u017een je tudi prevzem in vra\u010dilo plovila na drugih lokacijah na slovenski obali, z dopla\u010dilom po dogovoru.<\/p><\/div>\n                <\/div><\/div>\t\t\t\t<\/div>\n\t\t\t\t<\/div>\n\t\t\t\t\t<\/div>\n\t\t<\/div>\n\t\t\t\t\t<\/div>\n\t\t<\/section>\n\t\t\t\t<section class=\"elementor-section elementor-top-section elementor-element elementor-element-7c617c7 elementor-section-boxed elementor-section-height-default elementor-section-height-default\" data-id=\"7c617c7\" data-element_type=\"section\">\n\t\t\t\t\t\t<div class=\"elementor-container elementor-column-gap-default\">\n\t\t\t\t\t<div class=\"elementor-column elementor-col-100 elementor-top-column elementor-element elementor-element-dad08ab\" data-id=\"dad08ab\" data-element_type=\"column\">\n\t\t\t<div class=\"elementor-widget-wrap elementor-element-populated\">\n\t\t\t\t\t\t<div class=\"elementor-element elementor-element-59cb212 elementor-widget elementor-widget-heading\" data-id=\"59cb212\" data-element_type=\"widget\" data-widget_type=\"heading.default\">\n\t\t\t\t<div class=\"elementor-widget-container\">\n\t\t\t\t\t<h2 class=\"elementor-heading-title elementor-size-default\">Do you have any additional questions?<\/h2>\t\t\t\t<\/div>\n\t\t\t\t<\/div>\n\t\t\t\t<div class=\"elementor-element elementor-element-9d015c5 elementor-widget elementor-widget-text-editor\" data-id=\"9d015c5\" data-element_type=\"widget\" data-widget_type=\"text-editor.default\">\n\t\t\t\t<div class=\"elementor-widget-container\">\n\t\t\t\t\t\t\t\t\t<p>Write your questions and we will answer to them in the shortest possible time!<\/p>\t\t\t\t\t\t\t\t<\/div>\n\t\t\t\t<\/div>\n\t\t\t\t<div class=\"elementor-element elementor-element-8dd8b4f eael-wpforms-form-button-custom elementor-widget elementor-widget-eael-wpforms\" data-id=\"8dd8b4f\" data-element_type=\"widget\" data-widget_type=\"eael-wpforms.default\">\n\t\t\t\t<div class=\"elementor-widget-container\">\n\t\t\t\t\t            <div class=\"eael-contact-form eael-wpforms eael-wpforms-align-default\">\n                                <div class=\"wpforms-container wpforms-container-full wpforms-render-modern\" id=\"wpforms-269\"><form id=\"wpforms-form-269\" class=\"wpforms-validate wpforms-form wpforms-ajax-form\" data-formid=\"269\" method=\"post\" enctype=\"multipart\/form-data\" action=\"\/en\/wp-json\/wp\/v2\/pages\/47\" data-token=\"be7704ae2621dc9bb7e9a660965699d1\" data-token-time=\"1777813791\" data-trp-original-action=\"\/en\/wp-json\/wp\/v2\/pages\/47\"><noscript class=\"wpforms-error-noscript\">Please enable JavaScript in your browser to complete this form.<\/noscript><div class=\"wpforms-hidden\" id=\"wpforms-error-noscript\">Please enable JavaScript in your browser to complete this form.<\/div><div class=\"wpforms-field-container\"><div id=\"wpforms-269-field_0-container\" class=\"wpforms-field wpforms-field-name\" data-field-id=\"0\"><label class=\"wpforms-field-label wpforms-label-hide\" for=\"wpforms-269-field_0\" aria-hidden=\"false\">Ime in priimek <span class=\"wpforms-required-label\" aria-hidden=\"true\">*<\/span><\/label><input type=\"text\" id=\"wpforms-269-field_0\" class=\"wpforms-field-medium wpforms-field-required\" name=\"wpforms[fields][0]\" placeholder=\"First and last name*\" aria-errormessage=\"wpforms-269-field_0-error\" required><\/div><div id=\"wpforms-269-field_3-container\" class=\"wpforms-field wpforms-field-text\" data-field-id=\"3\"><label class=\"wpforms-field-label wpforms-label-hide\" for=\"wpforms-269-field_3\" aria-hidden=\"false\">Telephone<\/label><input type=\"text\" id=\"wpforms-269-field_3\" class=\"wpforms-field-medium\" name=\"wpforms[fields][3]\" placeholder=\"Telephone number (optional)\" aria-errormessage=\"wpforms-269-field_3-error\" ><\/div><div id=\"wpforms-269-field_1-container\" class=\"wpforms-field wpforms-field-email\" data-field-id=\"1\"><label class=\"wpforms-field-label wpforms-label-hide\" for=\"wpforms-269-field_1\" aria-hidden=\"false\">E-mail <span class=\"wpforms-required-label\" aria-hidden=\"true\">*<\/span><\/label><input type=\"email\" id=\"wpforms-269-field_1\" class=\"wpforms-field-medium wpforms-field-required\" name=\"wpforms[fields][1]\" placeholder=\"Email address*\" spellcheck=\"false\" aria-errormessage=\"wpforms-269-field_1-error\" required><\/div><div id=\"wpforms-269-field_2-container\" class=\"wpforms-field wpforms-field-textarea\" data-field-id=\"2\"><label class=\"wpforms-field-label wpforms-label-hide\" for=\"wpforms-269-field_2\" aria-hidden=\"false\">Your message <span class=\"wpforms-required-label\" aria-hidden=\"true\">*<\/span><\/label><textarea id=\"wpforms-269-field_2\" class=\"wpforms-field-medium wpforms-field-required\" name=\"wpforms[fields][2]\" placeholder=\"Your message*\" aria-errormessage=\"wpforms-269-field_2-error\" required><\/textarea><\/div><div id=\"wpforms-269-field_4-container\" class=\"wpforms-field wpforms-field-checkbox\" data-field-id=\"4\"><fieldset><legend class=\"wpforms-field-label wpforms-label-hide\" aria-hidden=\"false\">Privacy Policy <span class=\"wpforms-required-label\" aria-hidden=\"true\">*<\/span><\/legend><ul id=\"wpforms-269-field_4\" class=\"wpforms-field-required\"><li class=\"choice-1 depth-1\"><input type=\"checkbox\" id=\"wpforms-269-field_4_1\" name=\"wpforms[fields][4][]\" value=\"Strinjam se s &lt;a target=&quot;_blank&quot; href=&quot;\/varstvo-osebnih-podatkov&quot;&gt;pravilnikom o zasebnosti&lt;\/a&gt;\" aria-errormessage=\"wpforms-269-field_4_1-error\" required><label class=\"wpforms-field-label-inline\" for=\"wpforms-269-field_4_1\">I consent with <a target=\"_blank\" href=\"\/en\/varstvo-osebnih-podatkov\/\">Privacy Policy<\/a><\/label><\/li><\/ul><\/fieldset><\/div><\/div><!-- .wpforms-field-container --><div class=\"wpforms-recaptcha-container wpforms-is-recaptcha wpforms-is-recaptcha-type-v3\" ><input type=\"hidden\" name=\"wpforms[recaptcha]\" value=\"\"><\/div><div class=\"wpforms-submit-container\" ><input type=\"hidden\" name=\"wpforms[id]\" value=\"269\"><input type=\"hidden\" name=\"page_title\" value=\"\"><input type=\"hidden\" name=\"page_url\" value=\"https:\/\/rentaboatkoper.com\/en\/wp-json\/wp\/v2\/pages\/47\"><input type=\"hidden\" name=\"url_referer\" value=\"\"><button type=\"submit\" name=\"wpforms[submit]\" id=\"wpforms-submit-269\" class=\"wpforms-submit\" data-alt-text=\"Po\u0161iljam...\" data-submit-text=\"Po\u0161lji\" aria-live=\"assertive\" value=\"wpforms-submit\">Submit<\/button><img decoding=\"async\" src=\"https:\/\/rentaboatkoper.com\/wp-content\/plugins\/wpforms-lite\/assets\/images\/submit-spin.svg\" class=\"wpforms-submit-spinner\" style=\"display: none;\" width=\"26\" height=\"26\" alt=\"Loading\"><\/div><input type=\"hidden\" name=\"trp-form-language\" value=\"en\"\/><\/form><\/div>  <!-- .wpforms-container -->            <\/div>\n\t\t\t\t<\/div>\n\t\t\t\t<\/div>\n\t\t\t\t\t<\/div>\n\t\t<\/div>\n\t\t\t\t\t<\/div>\n\t\t<\/section>\n\t\t\t\t<\/div>","protected":false},"excerpt":{"rendered":"<p>Pogosta vpra\u0161anja Kako lahko rezerviram plovilo?Plovilo in ostalo lahko rezervirate na razli\u010dne na\u010dine: preko na\u0161e spletne strani si najprej izberete \u017eeleno barko, nato izpolnite rezervacijski obrazec, po telefonu: +386 51 735 222, na lokaciji. V zimski sezoni \u017eelim oddati povpra\u0161evanje za najem za poletno sezono. Katera cena velja? V va\u0161em primeru velja cena poletne sezone. [&hellip;]<\/p>","protected":false},"author":9,"featured_media":0,"parent":0,"menu_order":0,"comment_status":"closed","ping_status":"closed","template":"","meta":{"inline_featured_image":false,"_monsterinsights_skip_tracking":false,"_monsterinsights_sitenote_active":false,"_monsterinsights_sitenote_note":"","_monsterinsights_sitenote_category":0,"_uf_show_specific_survey":0,"_uf_disable_surveys":false,"footnotes":""},"class_list":["post-47","page","type-page","status-publish","hentry"],"aioseo_notices":[],"_links":{"self":[{"href":"https:\/\/rentaboatkoper.com\/en\/wp-json\/wp\/v2\/pages\/47","targetHints":{"allow":["GET"]}}],"collection":[{"href":"https:\/\/rentaboatkoper.com\/en\/wp-json\/wp\/v2\/pages"}],"about":[{"href":"https:\/\/rentaboatkoper.com\/en\/wp-json\/wp\/v2\/types\/page"}],"author":[{"embeddable":true,"href":"https:\/\/rentaboatkoper.com\/en\/wp-json\/wp\/v2\/users\/9"}],"replies":[{"embeddable":true,"href":"https:\/\/rentaboatkoper.com\/en\/wp-json\/wp\/v2\/comments?post=47"}],"version-history":[{"count":34,"href":"https:\/\/rentaboatkoper.com\/en\/wp-json\/wp\/v2\/pages\/47\/revisions"}],"predecessor-version":[{"id":1904,"href":"https:\/\/rentaboatkoper.com\/en\/wp-json\/wp\/v2\/pages\/47\/revisions\/1904"}],"wp:attachment":[{"href":"https:\/\/rentaboatkoper.com\/en\/wp-json\/wp\/v2\/media?parent=47"}],"curies":[{"name":"wp","href":"https:\/\/api.w.org\/{rel}","templated":true}]}}