{"id":602,"date":"2023-06-28T09:48:25","date_gmt":"2023-06-28T07:48:25","guid":{"rendered":"https:\/\/rentaboatkoper.click.si\/?post_type=product&#038;p=602"},"modified":"2024-04-29T16:21:32","modified_gmt":"2024-04-29T14:21:32","slug":"pearl","status":"publish","type":"product","link":"https:\/\/rentaboatkoper.com\/en\/najemi\/pearl\/","title":{"rendered":"Pearl"},"content":{"rendered":"<p><strong>Name:<\/strong> Pearl<br \/>\n<strong>Description:<\/strong> Inflatable boat, awning, GPS, depth gauge, shower, radio, teak, table, electric anchor windlass. Possibility of renting a trailer for the boat Satelit 1300 kg \u20ac50\/day.<br \/>\n<strong>Pickup location:<\/strong> Koper, Izola or elsewhere by agreement<br \/>\n<strong>Additional features:<\/strong> Drog za vle\u010denje<\/p>\n<p><strong><img decoding=\"async\" class=\"wp-image-622 alignnone\" src=\"https:\/\/rentaboatkoper.click.si\/wp-content\/uploads\/2023\/06\/plovila_osebe-blue.svg\" alt=\"\" width=\"19\" height=\"16\" \/> Number of people:<\/strong> 7<br \/>\n<strong><img decoding=\"async\" class=\"alignnone wp-image-619\" src=\"https:\/\/rentaboatkoper.click.si\/wp-content\/uploads\/2023\/06\/plovila_motor-blue.svg\" alt=\"\" width=\"18\" height=\"16\" \/>\u00a0Engine:<\/strong> YAMAHA 130 HP<br \/>\n<strong><img decoding=\"async\" class=\"alignnone wp-image-610\" src=\"https:\/\/rentaboatkoper.click.si\/wp-content\/uploads\/2023\/06\/plovila_dolzina-blue.svg\" alt=\"\" width=\"18\" height=\"16\" \/>\u00a0Length, width:<\/strong> 6,40 x 2,54<br \/>\n<strong><img loading=\"lazy\" decoding=\"async\" class=\"alignnone wp-image-625\" src=\"https:\/\/rentaboatkoper.click.si\/wp-content\/uploads\/2023\/06\/plovila_rezervoat-blue.svg\" alt=\"\" width=\"18\" height=\"16\" \/>\u00a0Tank:<\/strong> 90 l fuel, 35 l water<br \/>\n<strong><img loading=\"lazy\" decoding=\"async\" class=\"alignnone wp-image-616\" src=\"https:\/\/rentaboatkoper.click.si\/wp-content\/uploads\/2023\/06\/plovila_model-blue.svg\" alt=\"\" width=\"18\" height=\"16\" \/>\u00a0Model: <\/strong>SALPA SOLEIL 20<br \/>\n<strong><img loading=\"lazy\" decoding=\"async\" class=\"alignnone wp-image-613\" src=\"https:\/\/rentaboatkoper.click.si\/wp-content\/uploads\/2023\/06\/plovila_hitrost-blue.svg\" alt=\"\" width=\"18\" height=\"16\" \/>\u00a0Speed: <\/strong>\u00a030 NM<\/p>\n<p>&nbsp;<\/p>","protected":false},"excerpt":{"rendered":"<p>Ime: Pearl Splo\u0161en opis: Gumenjak, tenda, GPS, globinometer, tu\u0161, radio, tikovina, miza, elektri\u010dno vitlo za sidro. Mo\u017enost najema prikolice za barko Satelit 1300 kg 50\u20ac\/dan. Lokacija najema: Koper, Izola ali drugje po dogovoru Dodatne posebnosti: Drog za vle\u010denje \u0160tevilo oseb: 7 \u00a0Motor: YAMAHA 130 HP \u00a0Dol\u017eina, \u0161irina: 6,40 x 2,54 \u00a0Rezervoar: 90l gorivo, 35l voda [&hellip;]<\/p>","protected":false},"featured_media":1711,"template":"","meta":{"inline_featured_image":false,"_monsterinsights_skip_tracking":false,"_monsterinsights_sitenote_active":false,"_monsterinsights_sitenote_note":"","_monsterinsights_sitenote_category":0,"_uf_show_specific_survey":0,"_uf_disable_surveys":false},"product_cat":[36],"product_tag":[],"class_list":{"0":"post-602","1":"product","2":"type-product","3":"status-publish","4":"has-post-thumbnail","6":"product_cat-barke","8":"first","9":"instock","10":"taxable","11":"shipping-taxable","12":"purchasable","13":"product-type-redq_rental"},"aioseo_notices":[],"_links":{"self":[{"href":"https:\/\/rentaboatkoper.com\/en\/wp-json\/wp\/v2\/product\/602","targetHints":{"allow":["GET"]}}],"collection":[{"href":"https:\/\/rentaboatkoper.com\/en\/wp-json\/wp\/v2\/product"}],"about":[{"href":"https:\/\/rentaboatkoper.com\/en\/wp-json\/wp\/v2\/types\/product"}],"wp:featuredmedia":[{"embeddable":true,"href":"https:\/\/rentaboatkoper.com\/en\/wp-json\/wp\/v2\/media\/1711"}],"wp:attachment":[{"href":"https:\/\/rentaboatkoper.com\/en\/wp-json\/wp\/v2\/media?parent=602"}],"wp:term":[{"taxonomy":"product_cat","embeddable":true,"href":"https:\/\/rentaboatkoper.com\/en\/wp-json\/wp\/v2\/product_cat?post=602"},{"taxonomy":"product_tag","embeddable":true,"href":"https:\/\/rentaboatkoper.com\/en\/wp-json\/wp\/v2\/product_tag?post=602"}],"curies":[{"name":"wp","href":"https:\/\/api.w.org\/{rel}","templated":true}]}}