{"id":801,"date":"2023-07-05T11:07:18","date_gmt":"2023-07-05T09:07:18","guid":{"rendered":"https:\/\/rentaboatkoper.click.si\/?post_type=product&#038;p=801"},"modified":"2024-04-29T16:24:36","modified_gmt":"2024-04-29T14:24:36","slug":"marisol","status":"publish","type":"product","link":"https:\/\/rentaboatkoper.com\/en\/najemi\/marisol\/","title":{"rendered":"Marisol"},"content":{"rendered":"<p><strong>Name:<\/strong> Marisol<br \/>\n<strong>Description:<\/strong> Awning, sink, shower, radio, gps, depth sounder, table, electric anchor windlass. Possibility of renting a trailer for the boat Satelit 1300 kg \u20ac50\/day.<br \/>\n<strong>Pickup location:<\/strong> Koper, Izola or elsewhere by agreement<\/p>\n<p><strong><img decoding=\"async\" class=\"wp-image-622 alignnone\" src=\"https:\/\/rentaboatkoper.click.si\/wp-content\/uploads\/2023\/06\/plovila_osebe-blue.svg\" alt=\"\" width=\"19\" height=\"16\" \/> Number of people:<\/strong> 6<br \/>\n<strong><img decoding=\"async\" class=\"alignnone wp-image-619\" src=\"https:\/\/rentaboatkoper.click.si\/wp-content\/uploads\/2023\/06\/plovila_motor-blue.svg\" alt=\"\" width=\"18\" height=\"16\" \/>\u00a0Engine:<\/strong> YAMAHA 115 HP<br \/>\n<strong><img decoding=\"async\" class=\"alignnone wp-image-610\" src=\"https:\/\/rentaboatkoper.click.si\/wp-content\/uploads\/2023\/06\/plovila_dolzina-blue.svg\" alt=\"\" width=\"18\" height=\"16\" \/>\u00a0Length, width:<\/strong> 5,80 x 2,25<br \/>\n<strong><img loading=\"lazy\" decoding=\"async\" class=\"alignnone wp-image-625\" src=\"https:\/\/rentaboatkoper.click.si\/wp-content\/uploads\/2023\/06\/plovila_rezervoat-blue.svg\" alt=\"\" width=\"18\" height=\"16\" \/>\u00a0Tank:<\/strong> 90 l fuel, 35 l water<br \/>\n<strong><img loading=\"lazy\" decoding=\"async\" class=\"alignnone wp-image-616\" src=\"https:\/\/rentaboatkoper.click.si\/wp-content\/uploads\/2023\/06\/plovila_model-blue.svg\" alt=\"\" width=\"18\" height=\"16\" \/>\u00a0Model: <\/strong>SALPA SOLEIL 18<br \/>\n<strong><img loading=\"lazy\" decoding=\"async\" class=\"alignnone wp-image-613\" src=\"https:\/\/rentaboatkoper.click.si\/wp-content\/uploads\/2023\/06\/plovila_hitrost-blue.svg\" alt=\"\" width=\"18\" height=\"16\" \/>\u00a0Speed: <\/strong>\u00a030 NM<\/p>","protected":false},"excerpt":{"rendered":"<p>Ime: Marisol Splo\u0161en opis: Tenda, umivalnik, tu\u0161, radio, gps, globinomer, miza, elektri\u010dno vitlo za sidro. Mo\u017enost najema prikolice za barko Satelit 1300 kg 50\u20ac\/dan. Lokacija najema: Koper, Izola ali drugje po dogovoru \u0160tevilo oseb: 6 \u00a0Motor: YAMAHA 115 HP \u00a0Dol\u017eina, \u0161irina: 5,80 x 2,25 \u00a0Rezervoar: 90l gorivo, 35l voda \u00a0Model: SALPA SOLEIL 18 \u00a0Hitrost: \u00a030 [&hellip;]<\/p>","protected":false},"featured_media":1714,"template":"","meta":{"inline_featured_image":false,"_monsterinsights_skip_tracking":false,"_monsterinsights_sitenote_active":false,"_monsterinsights_sitenote_note":"","_monsterinsights_sitenote_category":0,"_uf_show_specific_survey":0,"_uf_disable_surveys":false},"product_cat":[36],"product_tag":[],"class_list":{"0":"post-801","1":"product","2":"type-product","3":"status-publish","4":"has-post-thumbnail","6":"product_cat-barke","8":"first","9":"instock","10":"taxable","11":"shipping-taxable","12":"purchasable","13":"product-type-redq_rental"},"aioseo_notices":[],"_links":{"self":[{"href":"https:\/\/rentaboatkoper.com\/en\/wp-json\/wp\/v2\/product\/801","targetHints":{"allow":["GET"]}}],"collection":[{"href":"https:\/\/rentaboatkoper.com\/en\/wp-json\/wp\/v2\/product"}],"about":[{"href":"https:\/\/rentaboatkoper.com\/en\/wp-json\/wp\/v2\/types\/product"}],"wp:featuredmedia":[{"embeddable":true,"href":"https:\/\/rentaboatkoper.com\/en\/wp-json\/wp\/v2\/media\/1714"}],"wp:attachment":[{"href":"https:\/\/rentaboatkoper.com\/en\/wp-json\/wp\/v2\/media?parent=801"}],"wp:term":[{"taxonomy":"product_cat","embeddable":true,"href":"https:\/\/rentaboatkoper.com\/en\/wp-json\/wp\/v2\/product_cat?post=801"},{"taxonomy":"product_tag","embeddable":true,"href":"https:\/\/rentaboatkoper.com\/en\/wp-json\/wp\/v2\/product_tag?post=801"}],"curies":[{"name":"wp","href":"https:\/\/api.w.org\/{rel}","templated":true}]}}