{"id":810,"date":"2023-07-05T11:50:34","date_gmt":"2023-07-05T09:50:34","guid":{"rendered":"https:\/\/rentaboatkoper.click.si\/?post_type=product&#038;p=810"},"modified":"2024-04-09T09:44:00","modified_gmt":"2024-04-09T07:44:00","slug":"quicky","status":"publish","type":"product","link":"https:\/\/rentaboatkoper.com\/en\/najemi\/quicky\/","title":{"rendered":"Quicky"},"content":{"rendered":"<p><strong>Name:<\/strong> Quicky<br \/>\n<strong>Description: <\/strong>A twin-engine speedboat with a pilot's cabin design. Equipped for short and long voyages: toilet, kitchen, gas stove, shower, 5x beds, heating, gps, depth gauge, vhf, ais, refrigerators, table, electric anchor windlass. Possibility of renting a trailer for the boat Satelit 1300 kg \u20ac50\/day.<br \/>\n<strong>Pickup location:<\/strong> Koper<\/p>\n<p><strong><img decoding=\"async\" class=\"wp-image-622 alignnone\" src=\"https:\/\/rentaboatkoper.click.si\/wp-content\/uploads\/2023\/06\/plovila_osebe-blue.svg\" alt=\"\" width=\"19\" height=\"16\" \/> Number of people:<\/strong> 10<br \/>\n<strong><img decoding=\"async\" class=\"alignnone wp-image-619\" src=\"https:\/\/rentaboatkoper.click.si\/wp-content\/uploads\/2023\/06\/plovila_motor-blue.svg\" alt=\"\" width=\"18\" height=\"16\" \/>\u00a0Engine:<\/strong> MERCURY 2X 225 HP<br \/>\n<strong><img decoding=\"async\" class=\"alignnone wp-image-610\" src=\"https:\/\/rentaboatkoper.click.si\/wp-content\/uploads\/2023\/06\/plovila_dolzina-blue.svg\" alt=\"\" width=\"18\" height=\"16\" \/>\u00a0Length, width:<\/strong> 9,05 x 3,00<br \/>\n<strong><img loading=\"lazy\" decoding=\"async\" class=\"alignnone wp-image-625\" src=\"https:\/\/rentaboatkoper.click.si\/wp-content\/uploads\/2023\/06\/plovila_rezervoat-blue.svg\" alt=\"\" width=\"18\" height=\"16\" \/>\u00a0Tank:<\/strong> 580 l fuel, 150 l water<br \/>\n<strong><img loading=\"lazy\" decoding=\"async\" class=\"alignnone wp-image-616\" src=\"https:\/\/rentaboatkoper.click.si\/wp-content\/uploads\/2023\/06\/plovila_model-blue.svg\" alt=\"\" width=\"18\" height=\"16\" \/> Model:<\/strong>QUICKSILVER PILOTHOUSE 905<br \/>\n<strong><img loading=\"lazy\" decoding=\"async\" class=\"alignnone wp-image-613\" src=\"https:\/\/rentaboatkoper.click.si\/wp-content\/uploads\/2023\/06\/plovila_hitrost-blue.svg\" alt=\"\" width=\"18\" height=\"16\" \/>\u00a0Speed: <\/strong>\u00a035 NM<\/p>","protected":false},"excerpt":{"rendered":"<p>Ime: Quicky Splo\u0161en opis: Gliser z dvema motorjema z obliko kabine pilotina. Opremljena za kraj\u0161e in dalj\u0161e plovbe: wc, kuhinja, plinski zar, tu\u0161, 5x le\u017ei\u0161\u010de, gretje, gps, globinomer, vhf, ais, hladilniki, miza, elektri\u010dno vitlo za sidro. Mo\u017enost najema prikolice za barko Satelit 1300 kg 50\u20ac\/dan. Lokacija najema: Koper \u0160tevilo oseb: 10 \u00a0Motor: MERCURY 2X 225 [&hellip;]<\/p>","protected":false},"featured_media":1311,"template":"","meta":{"inline_featured_image":false,"_monsterinsights_skip_tracking":false,"_monsterinsights_sitenote_active":false,"_monsterinsights_sitenote_note":"","_monsterinsights_sitenote_category":0,"_uf_show_specific_survey":0,"_uf_disable_surveys":false},"product_cat":[36],"product_tag":[],"class_list":{"0":"post-810","1":"product","2":"type-product","3":"status-publish","4":"has-post-thumbnail","6":"product_cat-barke","8":"first","9":"instock","10":"taxable","11":"shipping-taxable","12":"purchasable","13":"product-type-redq_rental"},"aioseo_notices":[],"_links":{"self":[{"href":"https:\/\/rentaboatkoper.com\/en\/wp-json\/wp\/v2\/product\/810","targetHints":{"allow":["GET"]}}],"collection":[{"href":"https:\/\/rentaboatkoper.com\/en\/wp-json\/wp\/v2\/product"}],"about":[{"href":"https:\/\/rentaboatkoper.com\/en\/wp-json\/wp\/v2\/types\/product"}],"wp:featuredmedia":[{"embeddable":true,"href":"https:\/\/rentaboatkoper.com\/en\/wp-json\/wp\/v2\/media\/1311"}],"wp:attachment":[{"href":"https:\/\/rentaboatkoper.com\/en\/wp-json\/wp\/v2\/media?parent=810"}],"wp:term":[{"taxonomy":"product_cat","embeddable":true,"href":"https:\/\/rentaboatkoper.com\/en\/wp-json\/wp\/v2\/product_cat?post=810"},{"taxonomy":"product_tag","embeddable":true,"href":"https:\/\/rentaboatkoper.com\/en\/wp-json\/wp\/v2\/product_tag?post=810"}],"curies":[{"name":"wp","href":"https:\/\/api.w.org\/{rel}","templated":true}]}}